{"id":10841,"date":"2020-11-13T16:01:13","date_gmt":"2020-11-13T15:01:13","guid":{"rendered":"http:\/\/www.busches-kochwerkstatt.de\/?page_id=10841"},"modified":"2023-07-28T15:33:58","modified_gmt":"2023-07-28T13:33:58","slug":"datenschutz","status":"publish","type":"page","link":"https:\/\/www.busches-kochwerkstatt.de\/?page_id=10841","title":{"rendered":"Datenschutz"},"content":{"rendered":"<p>[et_pb_section fb_built=&#8220;1&#8243; _builder_version=&#8220;4.16&#8243; _module_preset=&#8220;default&#8220; global_colors_info=&#8220;{}&#8220;][et_pb_row _builder_version=&#8220;4.16&#8243; _module_preset=&#8220;default&#8220; global_colors_info=&#8220;{}&#8220;][et_pb_column type=&#8220;4_4&#8243; _builder_version=&#8220;4.16&#8243; _module_preset=&#8220;default&#8220; global_colors_info=&#8220;{}&#8220;][et_pb_text _builder_version=&#8220;4.16&#8243; _module_preset=&#8220;default&#8220; header_2_font=&#8220;EB Garamond|800|||||||&#8220; header_2_text_color=&#8220;#000000&#8243; header_4_font=&#8220;EB Garamond|600|||||||&#8220; global_colors_info=&#8220;{}&#8220;]<\/p>\n<h2>Datenschutzerkl\u00e4rung<\/h2>\n<p>&nbsp;<\/p>\n<p class=\"bodytext\">Die Betreiber dieser Seiten nehmen den Schutz Ihrer pers\u00f6nlichen Daten sehr ernst. Wir behandeln Ihre personenbezogenen Daten vertraulich und entsprechend der gesetzlichen Datenschutzvorschriften sowie dieser Datenschutzerkl\u00e4rung.<\/p>\n<p class=\"bodytext\">Die Nutzung unserer Webseite ist in der Regel ohne Angabe personenbezogener Daten m\u00f6glich. Soweit auf unseren Seiten personenbezogene Daten (beispielsweise Name, Anschrift oder E-Mail-Adressen) erhoben werden, erfolgt dies, soweit m\u00f6glich, stets auf freiwilliger Basis. Diese Daten werden ohne Ihre ausdr\u00fcckliche Zustimmung nicht an Dritte weitergegeben.<\/p>\n<p class=\"bodytext\">Wir weisen darauf hin, dass die Daten\u00fcbertragung im Internet (z.B. bei der Kommunikation per E-Mail) Sicherheitsl\u00fccken aufweisen kann. Ein l\u00fcckenloser Schutz der Daten vor dem Zugriff durch Dritte ist nicht m\u00f6glich.<\/p>\n<h2 class=\"western\">Cookies<\/h2>\n<p class=\"bodytext\">Beim Besuch unserer Website wird Ihr Surf-Verhalten von der CYSTEP AG INFORMATIONSSYSTEME nicht statistisch ausgewertet werden. Es werden weder Cookies noch Analyseprogramme verwendet.<\/p>\n<h2 class=\"western\">Server-Log-Files<\/h2>\n<p class=\"bodytext\">Der Provider der Seiten erhebt und speichert automatisch Informationen in so genannten Server-Log Files, die Ihr Browser automatisch an uns \u00fcbermittelt. Dies sind:<\/p>\n<ul>\n<li>Browsertyp\/ Browserversion<\/li>\n<li>verwendetes Betriebssystem<\/li>\n<li>Referrer URL<\/li>\n<li>Hostname des zugreifenden Rechners<\/li>\n<li>Uhrzeit der Serveranfrage<\/li>\n<\/ul>\n<p class=\"bodytext\">Eine Zusammenf\u00fchrung dieser Daten mit anderen Datenquellen wird nicht vorgenommen.<br \/>Grundlage f\u00fcr die Datenverarbeitung ist Art. 6 Abs. 1 lit. b DSGVO, der die Verarbeitung von Daten zur Erf\u00fcllung eines Vertrags oder vorvertraglicher Ma\u00dfnahmen gestattet.<\/p>\n<h2 class=\"western\">Kontaktformular\/Kontakt telefonisch<\/h2>\n<p class=\"bodytext\">Wenn Sie uns per Kontaktformular Anfragen zukommen lassen, werden Ihre Angaben aus dem Anfrageformular inklusive der von Ihnen dort angegebenen Kontaktdaten zwecks Bearbeitung der Anfrage und f\u00fcr den Fall von Anschlussfragen bei uns gespeichert. Diese Daten geben wir nicht ohne Ihre Einwilligung weiter.<\/p>\n<p class=\"bodytext\">Wenn Sie uns per Telefon oder Fax kontaktieren \u00fcbermitteln Sie uns im Regelfall Ihre Telefonnummer. Ihre Rufnummer, Zielrufnummer, das Datum und Uhrzeit sowie ggf. Dauer des Telefonates oder \u00dcbertragung wird durch unsere<br \/>Telekommunikationsger\u00e4te und durch unseren Telekommunikationsprovider<br \/>gespeichert. Dies erfolgt auf Grundlage des Art. 6 Abs. 1 lit. f (Wahrung der<br \/>berechtigten Interessen). Wenn Sie uns per Telefon oder Fax Anfragen zukommen lassen, werden Ihre Angaben \u2013 bei Bedarf &#8211; inklusive der von Ihnen dort angegebenen Kontaktdaten zwecks Bearbeitung der Anfrage und f\u00fcr den Fall von Anschlussfragen bei uns gespeichert. Die Verarbeitung der Daten erfolgt in diesem im Regelfall auf Grundlage des Art. 6 Abs. 1 lit. b. DS-GVO.<\/p>\n<h2 class=\"western\">Newsletterdaten<\/h2>\n<p class=\"bodytext\">Wenn Sie den auf der Webseite angebotenen Newsletter beziehen m\u00f6chten, ben\u00f6tigen wir von Ihnen eine E-Mail-Adresse sowie Informationen, welche uns die \u00dcberpr\u00fcfung gestatten, dass Sie der Inhaber der angegebenen E-Mail-Adresse sind und mit dem Empfang des Newsletters einverstanden sind. Weitere Daten werden nicht erhoben. Diese Daten verwenden wir ausschlie\u00dflich f\u00fcr den Versand der angeforderten Informationen und geben sie nicht an Dritte weiter.<\/p>\n<p class=\"bodytext\">Die erteilte Einwilligung zur Speicherung der Daten, der E-Mail-Adresse sowie deren Nutzung zum Versand des Newsletters k\u00f6nnen Sie jederzeit widerrufen , etwa \u00fcber den \u201eAustragen\u201c-Link im Newsletter.<\/p>\n<h2 class=\"western\">Google Web Fonts<\/h2>\n<p class=\"bodytext\">Diese Seite nutzt zur einheitlichen Darstellung von Schriftarten so genannte Web Fonts, die von Google bereitgestellt werden. Die Google Fonts sind lokal installiert. Eine Verbindung zu Servern von Google findet dabei nicht statt.<br \/>Weitere Informationen zu Google Web Fonts finden Sie unter https:\/\/developers.google.com\/fonts\/faq und in der Datenschutzerkl\u00e4rung von Google: https:\/\/policies.google.com\/privacy?hl=de.<a href=\"http:\/\/tools.google.com\/dlpage\/gaoptout?hl=de\" target=\"_blank\" rel=\"noopener noreferrer\"><\/a><\/p>\n<h2><b>Facebook Social Plugin<\/b><\/h2>\n<p class=\"bodytext\">Unser Internetauftritt verwendet Social Plugins (&#8222;Plugins&#8220;) \u00a0des sozialen Netzwerkes facebook.com, welches von der Facebook Inc., 1601 S. California Ave, Palo Alto, CA 94304, USA betrieben wird (&#8222;Facebook&#8220;).<br \/>Die Plugins sind mit einem Facebook Logo oder dem Zusatz &#8222;Facebook Social Plugin&#8220; gekennzeichnet.<br \/>Wenn Sie eine Webseite unseres Internetauftritts aufrufen, die ein solches Plugin enth\u00e4lt, baut Ihr Browser eine direkte Verbindung mit den Servern von Facebook auf. Der Inhalt des Plugins wird von Facebook direkt an Ihren Browser \u00fcbermittelt und von diesem in die Webseite eingebunden.<br \/>Durch die Einbindung der Plugins erh\u00e4lt Facebook die Information, dass Sie die entsprechende Seite unseres Internetauftritts aufgerufen haben. Sind Sie bei Facebook eingeloggt kann Facebook den Besuch Ihrem Facebook-Konto zuordnen. Wenn Sie mit den Plugins interagieren, zum Beispiel den &#8222;Gef\u00e4llt mir&#8220; Button bet\u00e4tigen oder einen Kommentar abgeben, wird die entsprechende Information von Ihrem Browser direkt an Facebook \u00fcbermittelt und dort gespeichert.<br \/>Zweck und Umfang der Datenerhebung und die weitere Verarbeitung und Nutzung der Daten durch Facebook sowie Ihre diesbez\u00fcglichen Rechte und Einstellungsm\u00f6glichkeiten zum Schutz Ihrer Privatssph\u00e4re entnehmen Sie bitte den <a href=\"https:\/\/www.facebook.com\/policy.php\" target=\"_blank\" rel=\"noopener noreferrer\">Datenschutzhinweisen von Facebook<\/a>.<\/p>\n<p>Wenn Sie nicht m\u00f6chten, dass Facebook \u00fcber unseren Internetauftritt Daten \u00fcber Sie sammelt, m\u00fcssen Sie sich vor Ihrem Besuch unseres Internetauftritts bei Facebook ausloggen.&#8220;<\/p>\n<h2 class=\"western\">Auskunft, L\u00f6schung, Sperrung<\/h2>\n<p class=\"bodytext\">Sie haben jederzeit das Recht auf unentgeltliche Auskunft \u00fcber Ihre gespeicherten personenbezogenen Daten, deren Herkunft und Empf\u00e4nger und den Zweck der Datenverarbeitung sowie ein Recht auf Berichtigung, Sperrung oder L\u00f6schung dieser Daten. Hierzu sowie zu weiteren Fragen zum Thema personenbezogene Daten k\u00f6nnen Sie sich jederzeit unter der im Impressum angegebenen Adresse an uns wenden.<\/p>\n<p>[\/et_pb_text][\/et_pb_column][\/et_pb_row][\/et_pb_section]<\/p>\n","protected":false},"excerpt":{"rendered":"<p>Datenschutzerkl\u00e4rung &nbsp; Die Betreiber dieser Seiten nehmen den Schutz Ihrer pers\u00f6nlichen Daten sehr ernst. Wir behandeln Ihre personenbezogenen Daten vertraulich und entsprechend der gesetzlichen Datenschutzvorschriften sowie dieser Datenschutzerkl\u00e4rung. Die Nutzung unserer Webseite ist in der Regel ohne Angabe personenbezogener Daten m\u00f6glich. Soweit auf unseren Seiten personenbezogene Daten (beispielsweise Name, Anschrift oder E-Mail-Adressen) erhoben werden, erfolgt [&hellip;]<\/p>\n","protected":false},"author":1,"featured_media":0,"parent":0,"menu_order":0,"comment_status":"closed","ping_status":"closed","template":"","meta":{"_et_pb_use_builder":"on","_et_pb_old_content":"","_et_gb_content_width":"","footnotes":""},"class_list":["post-10841","page","type-page","status-publish","hentry"],"_links":{"self":[{"href":"https:\/\/www.busches-kochwerkstatt.de\/index.php?rest_route=\/wp\/v2\/pages\/10841","targetHints":{"allow":["GET"]}}],"collection":[{"href":"https:\/\/www.busches-kochwerkstatt.de\/index.php?rest_route=\/wp\/v2\/pages"}],"about":[{"href":"https:\/\/www.busches-kochwerkstatt.de\/index.php?rest_route=\/wp\/v2\/types\/page"}],"author":[{"embeddable":true,"href":"https:\/\/www.busches-kochwerkstatt.de\/index.php?rest_route=\/wp\/v2\/users\/1"}],"replies":[{"embeddable":true,"href":"https:\/\/www.busches-kochwerkstatt.de\/index.php?rest_route=%2Fwp%2Fv2%2Fcomments&post=10841"}],"version-history":[{"count":6,"href":"https:\/\/www.busches-kochwerkstatt.de\/index.php?rest_route=\/wp\/v2\/pages\/10841\/revisions"}],"predecessor-version":[{"id":11576,"href":"https:\/\/www.busches-kochwerkstatt.de\/index.php?rest_route=\/wp\/v2\/pages\/10841\/revisions\/11576"}],"wp:attachment":[{"href":"https:\/\/www.busches-kochwerkstatt.de\/index.php?rest_route=%2Fwp%2Fv2%2Fmedia&parent=10841"}],"curies":[{"name":"wp","href":"https:\/\/api.w.org\/{rel}","templated":true}]}}